{"id":2001,"date":"2024-10-19T15:19:41","date_gmt":"2024-10-19T15:19:41","guid":{"rendered":"https:\/\/transpioneers.com\/wp\/carrieres\/"},"modified":"2025-04-27T19:01:37","modified_gmt":"2025-04-27T19:01:37","slug":"carrieres","status":"publish","type":"page","link":"https:\/\/transpioneers.com\/fr\/carrieres\/","title":{"rendered":"Carri\u00e8res"},"content":{"rendered":"\t\t<div data-elementor-type=\"wp-page\" data-elementor-id=\"2001\" class=\"elementor elementor-2001 elementor-227\" data-elementor-post-type=\"page\">\n\t\t\t\t<div class=\"elementor-element elementor-element-b45a544 e-flex e-con-boxed e-con e-parent\" data-id=\"b45a544\" data-element_type=\"container\" data-settings=\"{&quot;background_background&quot;:&quot;classic&quot;,&quot;ekit_has_onepagescroll_dot&quot;:&quot;yes&quot;}\">\n\t\t\t\t\t<div class=\"e-con-inner\">\n\t\t\t\t\t<\/div>\n\t\t\t\t<\/div>\n\t\t<div class=\"elementor-element elementor-element-d7578c5 e-flex e-con-boxed e-con e-parent\" data-id=\"d7578c5\" data-element_type=\"container\" data-settings=\"{&quot;background_background&quot;:&quot;classic&quot;,&quot;ekit_has_onepagescroll_dot&quot;:&quot;yes&quot;}\">\n\t\t\t\t\t<div class=\"e-con-inner\">\n\t\t\t\t<div class=\"elementor-element elementor-element-1291d7f elementor-widget elementor-widget-heading\" data-id=\"1291d7f\" data-element_type=\"widget\" data-settings=\"{&quot;ekit_we_effect_on&quot;:&quot;none&quot;}\" data-widget_type=\"heading.default\">\n\t\t\t\t<div class=\"elementor-widget-container\">\n\t\t\t<h2 class=\"elementor-heading-title elementor-size-default\">Rejoignez la communaut\u00e9 mondiale des pionniers du traduction<\/h2>\t\t<\/div>\n\t\t\t\t<\/div>\n\t\t\t\t<div class=\"elementor-element elementor-element-ad9648b elementor-widget elementor-widget-heading\" data-id=\"ad9648b\" data-element_type=\"widget\" data-settings=\"{&quot;ekit_we_effect_on&quot;:&quot;none&quot;}\" data-widget_type=\"heading.default\">\n\t\t\t\t<div class=\"elementor-widget-container\">\n\t\t\t<span class=\"elementor-heading-title elementor-size-default\">Chez Transpioneers, vous avez l\u2019opportunit\u00e9 de faire partie d\u2019une \u00e9quipe dynamique qui fa\u00e7onne le paysage mondial des communications. Offrant une gamme diversifi\u00e9e de projets dans un large \u00e9ventail de secteurs, votre croissance professionnelle dans le domaine de la traduction commence chez Transpioneers.<\/span>\t\t<\/div>\n\t\t\t\t<\/div>\n\t\t\t\t\t<\/div>\n\t\t\t\t<\/div>\n\t\t<div class=\"elementor-element elementor-element-c865bbc e-con-full e-flex e-con e-parent\" data-id=\"c865bbc\" data-element_type=\"container\" data-settings=\"{&quot;ekit_has_onepagescroll_dot&quot;:&quot;yes&quot;}\">\n\t\t\t\t<\/div>\n\t\t\t\t<\/div>\n\t\t","protected":false},"excerpt":{"rendered":"<p>Rejoignez la communaut\u00e9 mondiale des pionniers du traduction Chez Transpioneers, vous avez l\u2019opportunit\u00e9 de faire partie d\u2019une \u00e9quipe dynamique qui fa\u00e7onne le paysage mondial des communications. Offrant une gamme diversifi\u00e9e de projets dans un large \u00e9ventail de secteurs, votre croissance professionnelle dans le domaine de la traduction commence chez Transpioneers.<\/p>\n","protected":false},"author":1,"featured_media":0,"parent":0,"menu_order":0,"comment_status":"closed","ping_status":"closed","template":"elementor_header_footer","meta":{"footnotes":""},"class_list":["post-2001","page","type-page","status-publish","hentry"],"acf":[],"_links":{"self":[{"href":"https:\/\/transpioneers.com\/fr\/wp-json\/wp\/v2\/pages\/2001","targetHints":{"allow":["GET"]}}],"collection":[{"href":"https:\/\/transpioneers.com\/fr\/wp-json\/wp\/v2\/pages"}],"about":[{"href":"https:\/\/transpioneers.com\/fr\/wp-json\/wp\/v2\/types\/page"}],"author":[{"embeddable":true,"href":"https:\/\/transpioneers.com\/fr\/wp-json\/wp\/v2\/users\/1"}],"replies":[{"embeddable":true,"href":"https:\/\/transpioneers.com\/fr\/wp-json\/wp\/v2\/comments?post=2001"}],"version-history":[{"count":9,"href":"https:\/\/transpioneers.com\/fr\/wp-json\/wp\/v2\/pages\/2001\/revisions"}],"predecessor-version":[{"id":4642,"href":"https:\/\/transpioneers.com\/fr\/wp-json\/wp\/v2\/pages\/2001\/revisions\/4642"}],"wp:attachment":[{"href":"https:\/\/transpioneers.com\/fr\/wp-json\/wp\/v2\/media?parent=2001"}],"curies":[{"name":"wp","href":"https:\/\/api.w.org\/{rel}","templated":true}]}}